{"id":2,"date":"2013-05-13T17:08:42","date_gmt":"2013-05-13T17:08:42","guid":{"rendered":""},"modified":"2023-10-24T23:46:53","modified_gmt":"2023-10-24T21:46:53","slug":"beispiel-seite","status":"publish","type":"page","link":"https:\/\/www.ebsv.at\/?page_id=2","title":{"rendered":"\u00dcber uns"},"content":{"rendered":"<p><img loading=\"lazy\" decoding=\"async\" class=\"alignright wp-image-7\" src=\"https:\/\/www.ebsv.at\/wp-content\/uploads\/2013\/05\/EBSV-293x300.jpg\" alt=\"EBSV\" width=\"100\" height=\"102\" srcset=\"https:\/\/www.ebsv.at\/wp-content\/uploads\/2013\/05\/EBSV-293x300.jpg 293w, https:\/\/www.ebsv.at\/wp-content\/uploads\/2013\/05\/EBSV-1000x1024.jpg 1000w, https:\/\/www.ebsv.at\/wp-content\/uploads\/2013\/05\/EBSV.jpg 1529w\" sizes=\"auto, (max-width: 100px) 100vw, 100px\" \/><\/p>\n<p style=\"align: justify;\">Sehr geehrter Besucher,<\/p>\n<p>am 11.11.2011 haben wir uns entschlossen,&nbsp;mit&nbsp;unseren Standorten Wieselburg und Gresten den&nbsp;EBSV &#8211; Erlauftaler Bogensportverein, zu gr\u00fcnden.<\/p>\n<p>Unsere Bogensportanlage in Gresten befindet sich im Wiesergraben beim Gasthof Durlm\u00fchle, wo wir einen Schussplatz mit einigen Scheiben auf unterschiedlichen Distanzen zwischen 10 und 50 Metern sowie einige 3D-Tiere aufgestellt haben. Weiters steht ein 3D-Parcours mit \u00fcber 30 Tieren zur Verf\u00fcgung, welcher einen 2-3 st\u00fcndigen Rundgang durch den angrenzenden Wald mit herausfordernden Sch\u00fcssen und Gel\u00e4ndegegebenheiten bietet. F\u00fcr Turnierveranstaltungen (Nennung, Scheibeneinteilung, usw.) haben wir im 1.Stock des Gasthauses einen Raum ausgebaut. Diesen k\u00f6nnen wir bei Schlechtwetter f\u00fcr Trainingszwecke n\u00fctzen (Entfernungen bis zu 12m).<\/p>\n<p>Im Winter treffen wir uns w\u00f6chentlich in einer Halle der Messe Wieselburg, Halle,Termine und Preise werden bei Verf\u00fcgbarkeit auf dieser Homepage publiziert.<\/p>\n<p>F\u00fcr alle Fragen, die wir auf unserer Homepage nicht beantworten konnten, stehen wir gerne unter den angegebenen Kontakten zur Verf\u00fcgung.<\/p>\n<p>Alle ins Blatt w\u00fcnscht der<br \/>\nEBSV &#8211; Erlauftaler Bogensportverein<\/p>\n<p><img loading=\"lazy\" decoding=\"async\" class=\"aligncenter size-medium wp-image-8\" src=\"https:\/\/www.ebsv.at\/wp-content\/uploads\/2013\/05\/k-Banner-3x1Meter-300x86.jpg\" alt=\"k-Banner 3x1Meter\" width=\"300\" height=\"86\" srcset=\"https:\/\/www.ebsv.at\/wp-content\/uploads\/2013\/05\/k-Banner-3x1Meter-300x86.jpg 300w, https:\/\/www.ebsv.at\/wp-content\/uploads\/2013\/05\/k-Banner-3x1Meter-500x144.jpg 500w, https:\/\/www.ebsv.at\/wp-content\/uploads\/2013\/05\/k-Banner-3x1Meter.jpg 1000w\" sizes=\"auto, (max-width: 300px) 100vw, 300px\" \/><\/p>\n","protected":false},"excerpt":{"rendered":"<p>Sehr geehrter Besucher, am 11.11.2011 haben wir uns entschlossen,&nbsp;mit&nbsp;unseren Standorten Wieselburg und Gresten den&nbsp;EBSV &#8211; Erlauftaler Bogensportverein, zu gr\u00fcnden. Unsere Bogensportanlage in Gresten befindet sich im Wiesergraben beim Gasthof Durlm\u00fchle, wo wir einen Schussplatz mit einigen Scheiben auf unterschiedlichen Distanzen &hellip; <a href=\"https:\/\/www.ebsv.at\/?page_id=2\">Weiterlesen <span class=\"meta-nav\">&rarr;<\/span><\/a><\/p>\n","protected":false},"author":1,"featured_media":0,"parent":0,"menu_order":1,"comment_status":"closed","ping_status":"open","template":"","meta":{"ngg_post_thumbnail":0,"footnotes":""},"class_list":["post-2","page","type-page","status-publish","hentry"],"_links":{"self":[{"href":"https:\/\/www.ebsv.at\/index.php?rest_route=\/wp\/v2\/pages\/2","targetHints":{"allow":["GET"]}}],"collection":[{"href":"https:\/\/www.ebsv.at\/index.php?rest_route=\/wp\/v2\/pages"}],"about":[{"href":"https:\/\/www.ebsv.at\/index.php?rest_route=\/wp\/v2\/types\/page"}],"author":[{"embeddable":true,"href":"https:\/\/www.ebsv.at\/index.php?rest_route=\/wp\/v2\/users\/1"}],"replies":[{"embeddable":true,"href":"https:\/\/www.ebsv.at\/index.php?rest_route=%2Fwp%2Fv2%2Fcomments&post=2"}],"version-history":[{"count":22,"href":"https:\/\/www.ebsv.at\/index.php?rest_route=\/wp\/v2\/pages\/2\/revisions"}],"predecessor-version":[{"id":5422,"href":"https:\/\/www.ebsv.at\/index.php?rest_route=\/wp\/v2\/pages\/2\/revisions\/5422"}],"wp:attachment":[{"href":"https:\/\/www.ebsv.at\/index.php?rest_route=%2Fwp%2Fv2%2Fmedia&parent=2"}],"curies":[{"name":"wp","href":"https:\/\/api.w.org\/{rel}","templated":true}]}}