{"id":31,"date":"2013-05-17T16:41:47","date_gmt":"2013-05-17T14:41:47","guid":{"rendered":"http:\/\/www.ebsv.at\/?page_id=31"},"modified":"2024-01-24T09:52:11","modified_gmt":"2024-01-24T08:52:11","slug":"preise-und-offnungszeiten","status":"publish","type":"page","link":"https:\/\/www.ebsv.at\/?page_id=31","title":{"rendered":"Preise und \u00d6ffnungszeiten"},"content":{"rendered":"<p><img loading=\"lazy\" decoding=\"async\" class=\"alignright wp-image-7\" src=\"https:\/\/www.ebsv.at\/wp-content\/uploads\/2013\/05\/EBSV-293x300.jpg\" alt=\"\" width=\"100\" height=\"102\" srcset=\"https:\/\/www.ebsv.at\/wp-content\/uploads\/2013\/05\/EBSV-293x300.jpg 293w, https:\/\/www.ebsv.at\/wp-content\/uploads\/2013\/05\/EBSV-1000x1024.jpg 1000w, https:\/\/www.ebsv.at\/wp-content\/uploads\/2013\/05\/EBSV.jpg 1529w\" sizes=\"auto, (max-width: 100px) 100vw, 100px\" \/><\/p>\n<p>Liebe Bogensch\u00fctzen,<br \/>\nvor Ben\u00fctzung unserer&nbsp;Bogensportanlagen ersuchen wir Euch, die <a href=\"https:\/\/www.ebsv.at\/?page_id=5959\">Sicherheitsregeln<\/a> sowie die <a href=\"https:\/\/www.ebsv.at\/?page_id=5970\">Platzordnung<\/a> des EBSV zu lesen und auch&nbsp;einzuhalten.<\/p>\n<p><strong>\u00d6ffnungszeiten<\/strong><br \/>\nDa wir immer wieder auf Turnieren unterwegs sind und nebenbei&nbsp;auch berufst\u00e4tig, ersuchen wir um Euer Verst\u00e4ndnis, dass wir Schnupperstunden nur nach Terminvereinbarung anbieten k\u00f6nnen.<\/p>\n<p><strong>Gresten:<\/strong><br \/>\nUnser Schussplatz und der Parcours sind ganzj\u00e4hrig ge\u00f6ffnet. Die Halle steht nur Mitgliedern bzw. nach Vereinbarung auch f\u00fcr G\u00e4ste&nbsp;zur Verf\u00fcgung.<br \/>\n<!--\n<strong><span style=\"display: inline-block; width: 0px; overflow: hidden; line-height: 0;\" data-mce-type=\"bookmark\" class=\"mce_SELRES_start\"><\/span>Wieselburg:<\/strong>\nSchussplatz: von April bis\u00a0Oktober jeden\u00a0Donnerstag\u00a0ab 17\u00a0Uhr\nSchnupperstunden gegen Tel. Voranmeldung bei <a title=\"Kontakte\" href=\"https:\/\/www.ebsv.at\/?page_id=116\" target=\"_blank\">Markus Kaufmann<\/a>\n\nHalle: Siehe Homepage der Messe Wieselburg\nPreise (Wieselburg und Gresten):\n--><\/p>\n<table>\n<tbody>\n<tr>\n<td colspan=\"2\"><strong>Tagesgeb\u00fchr:<\/strong><\/td>\n<\/tr>\n<tr>\n<td>Erwachsene ab 18 Jahre<\/td>\n<td>\u20ac 12,00<\/td>\n<\/tr>\n<tr>\n<td>Jugend bis 17 Jahre<\/td>\n<td>\u20ac 10,00<\/td>\n<\/tr>\n<tr>\n<td>Kinder 10 bis 14 Jahre<\/td>\n<td>\u20ac 7,00<\/td>\n<\/tr>\n<tr>\n<td>Kinder bis 10 Jahre<\/td>\n<td>frei<\/td>\n<\/tr>\n<tr>\n<td colspan=\"2\">&nbsp;<\/td>\n<\/tr>\n<tr>\n<td colspan=\"2\"><strong>Jahresmitgliedschaft:<\/strong><\/td>\n<\/tr>\n<tr>\n<td>Erwachsene ab 18 Jahre<\/td>\n<td>\u20ac 110,00<\/td>\n<\/tr>\n<tr>\n<td>Jugend bis 17 Jahre und Studenten<\/td>\n<td>\u20ac 90,00<\/td>\n<\/tr>\n<tr>\n<td>Kinder 10 bis 14 Jahre<\/td>\n<td>\u20ac 60,00<\/td>\n<\/tr>\n<tr>\n<td>Kinder bis 10 Jahre<\/td>\n<td>frei<\/td>\n<\/tr>\n<tr>\n<td>Familienkarte<br \/>\n2 Erwachsene und max. 2 Kinder bis 14 Jahre<\/td>\n<td nowrap=\"nowrap\">\u20ac 160,00<\/td>\n<\/tr>\n<\/tbody>\n<\/table>\n<p><img loading=\"lazy\" decoding=\"async\" class=\"aligncenter size-medium wp-image-8\" src=\"https:\/\/www.ebsv.at\/wp-content\/uploads\/2013\/05\/k-Banner-3x1Meter-300x86.jpg\" alt=\"k-Banner 3x1Meter\" width=\"300\" height=\"86\" srcset=\"https:\/\/www.ebsv.at\/wp-content\/uploads\/2013\/05\/k-Banner-3x1Meter-300x86.jpg 300w, https:\/\/www.ebsv.at\/wp-content\/uploads\/2013\/05\/k-Banner-3x1Meter-500x144.jpg 500w, https:\/\/www.ebsv.at\/wp-content\/uploads\/2013\/05\/k-Banner-3x1Meter.jpg 1000w\" sizes=\"auto, (max-width: 300px) 100vw, 300px\" \/><\/p>\n","protected":false},"excerpt":{"rendered":"<p>Liebe Bogensch\u00fctzen, vor Ben\u00fctzung unserer&nbsp;Bogensportanlagen ersuchen wir Euch, die Sicherheitsregeln sowie die Platzordnung des EBSV zu lesen und auch&nbsp;einzuhalten. \u00d6ffnungszeiten Da wir immer wieder auf Turnieren unterwegs sind und nebenbei&nbsp;auch berufst\u00e4tig, ersuchen wir um Euer Verst\u00e4ndnis, dass wir Schnupperstunden nur &hellip; <a href=\"https:\/\/www.ebsv.at\/?page_id=31\">Weiterlesen <span class=\"meta-nav\">&rarr;<\/span><\/a><\/p>\n","protected":false},"author":1,"featured_media":0,"parent":0,"menu_order":3,"comment_status":"closed","ping_status":"open","template":"","meta":{"ngg_post_thumbnail":0,"footnotes":""},"class_list":["post-31","page","type-page","status-publish","hentry"],"_links":{"self":[{"href":"https:\/\/www.ebsv.at\/index.php?rest_route=\/wp\/v2\/pages\/31","targetHints":{"allow":["GET"]}}],"collection":[{"href":"https:\/\/www.ebsv.at\/index.php?rest_route=\/wp\/v2\/pages"}],"about":[{"href":"https:\/\/www.ebsv.at\/index.php?rest_route=\/wp\/v2\/types\/page"}],"author":[{"embeddable":true,"href":"https:\/\/www.ebsv.at\/index.php?rest_route=\/wp\/v2\/users\/1"}],"replies":[{"embeddable":true,"href":"https:\/\/www.ebsv.at\/index.php?rest_route=%2Fwp%2Fv2%2Fcomments&post=31"}],"version-history":[{"count":38,"href":"https:\/\/www.ebsv.at\/index.php?rest_route=\/wp\/v2\/pages\/31\/revisions"}],"predecessor-version":[{"id":7234,"href":"https:\/\/www.ebsv.at\/index.php?rest_route=\/wp\/v2\/pages\/31\/revisions\/7234"}],"wp:attachment":[{"href":"https:\/\/www.ebsv.at\/index.php?rest_route=%2Fwp%2Fv2%2Fmedia&parent=31"}],"curies":[{"name":"wp","href":"https:\/\/api.w.org\/{rel}","templated":true}]}}