{"id":6233,"date":"2020-02-11T22:31:57","date_gmt":"2020-02-11T20:31:57","guid":{"rendered":"http:\/\/www.ebsv.at\/?page_id=6233"},"modified":"2026-03-21T16:57:36","modified_gmt":"2026-03-21T15:57:36","slug":"unser-parcours","status":"publish","type":"page","link":"https:\/\/www.ebsv.at\/?page_id=6233","title":{"rendered":"Unser Parcours"},"content":{"rendered":"<table\n\n<caption>Liebe Bogensportfreunde, unser Parcours lebt!<\/caption>\n<tbody>\n<tr>\n<td style=\"width: 33%;\">&nbsp;<\/td>\n<td style=\"width: 34%;\">&nbsp;<\/td>\n<td style=\"width: 33%;\">&nbsp;<\/td>\n<\/tr>\n<tr>\n<td colspan=\"2\">Wie regelm\u00e4\u00dfige Besucher unseres Parcours sicher bereits festgestellt haben, \u00e4ndern wir mehrmals im Jahr, mal mehr, mal weniger, unseren Parcours, tauschen Tiere aus oder \u00e4ndern sogar die Route.<\/td>\n<td style=\"padding: 0px 0px 0px 10px;\"><a class=\"ngg-fancybox\" title=\" \" href=\"https:\/\/www.ebsv.at\/wp-content\/gallery\/parcours\/spinne.jpg\" rel=\"\" data-image-id=\"3780\" data-src=\"https:\/\/www.ebsv.at\/wp-content\/gallery\/parcours\/spinne.jpg\" data-thumbnail=\"https:\/\/www.ebsv.at\/wp-content\/gallery\/parcours\/thumbs\/thumbs_spinne.jpg\" data-title=\"spinne\" data-description=\" \"><img decoding=\"async\" class=\"ngg-singlepic ngg-none\" src=\"https:\/\/www.ebsv.at\/wp-content\/gallery\/parcours\/thumbs\/th_spinne.jpg\" alt=\"spinne\"><\/a><\/td>\n<\/tr>\n<tr>\n<td style=\"padding: 0px 10px 0px 0px;\"><a class=\"ngg-fancybox\" title=\" \" href=\"https:\/\/www.ebsv.at\/wp-content\/gallery\/parcours\/rehe.jpg\" rel=\"\" data-image-id=\"3779\" data-src=\"https:\/\/www.ebsv.at\/wp-content\/gallery\/parcours\/rehe.jpg\" data-thumbnail=\"https:\/\/www.ebsv.at\/wp-content\/gallery\/parcours\/thumbs\/thumbs_rehe.jpg\" data-title=\"rehe\" data-description=\" \"><img decoding=\"async\" class=\"ngg-singlepic ngg-none\" src=\"https:\/\/www.ebsv.at\/wp-content\/gallery\/parcours\/thumbs\/th_rehe.jpg\" alt=\"rehe\"><\/a><\/td>\n<td colspan=\"2\">Uns selbst gefallen neue Herausforderungen und wir wollen unseren Enthusiasmus mit den Besuchern unseres Parcours teilen.<\/td>\n<\/tr>\n<tr>\n<td colspan=\"2\">Wir n\u00fctzen unsere Landschaft und betten sowohl die Route, als auch unsere Tiere so weit wie m\u00f6glich realit\u00e4tsnah in die Landschaft ein.<\/td>\n<td style=\"padding: 0px 0px 0px 10px;\"><a class=\"ngg-fancybox\" title=\" \" href=\"https:\/\/www.ebsv.at\/wp-content\/gallery\/parcours\/wespe.jpg\" rel=\"\" data-image-id=\"3781\" data-src=\"https:\/\/www.ebsv.at\/wp-content\/gallery\/parcours\/wespe.jpg\" data-thumbnail=\"https:\/\/www.ebsv.at\/wp-content\/gallery\/parcours\/thumbs\/thumbs_wespe.jpg\" data-title=\"wespe\" data-description=\" \"><img decoding=\"async\" class=\"ngg-singlepic ngg-none\" src=\"https:\/\/www.ebsv.at\/wp-content\/gallery\/parcours\/thumbs\/th_wespe.jpg\" alt=\"wespe\"><\/a><\/td>\n<\/tr>\n<tr>\n<td style=\"padding: 0px 10px 0px 0px;\"><a class=\"ngg-fancybox\" title=\" \" href=\"https:\/\/www.ebsv.at\/wp-content\/gallery\/parcours\/Labe.jpg\" rel=\"\" data-image-id=\"3778\" data-src=\"https:\/\/www.ebsv.at\/wp-content\/gallery\/parcours\/Labe.jpg\" data-thumbnail=\"https:\/\/www.ebsv.at\/wp-content\/gallery\/parcours\/thumbs\/thumbs_Labe.jpg\" data-title=\"Labe\" data-description=\" \"><img decoding=\"async\" class=\"ngg-singlepic ngg-none\" src=\"https:\/\/www.ebsv.at\/wp-content\/gallery\/parcours\/thumbs\/th_Labe.jpg\" alt=\"Labe\"><\/a><\/td>\n<td colspan=\"2\">Aktuell besteht unser Parcours aus 32 Tieren, wobei der Weg einmal an unserer Labe vorbei f\u00fchrt.<\/td>\n<\/tr>\n<tr>\n<td colspan=\"2\">Diese l\u00e4dt zu einer kurzen Rast ein, um sich mit Getr\u00e4nken oder mitgebrachten Speisen zu st\u00e4rken und den Rest des Parcours wieder frisch gest\u00e4rkt in Angriff nehmen zu k\u00f6nnen.<\/td>\n<td style=\"padding: 0px 0px 0px 10px;\"><a class=\"ngg-fancybox\" title=\" \" href=\"https:\/\/www.ebsv.at\/wp-content\/gallery\/parcours\/baer.jpg\" rel=\"\" data-image-id=\"3783\" data-src=\"https:\/\/www.ebsv.at\/wp-content\/gallery\/parcours\/baer.jpg\" data-thumbnail=\"https:\/\/www.ebsv.at\/wp-content\/gallery\/parcours\/thumbs\/thumbs_baer.jpg\" data-title=\"baer\" data-description=\" \"><img decoding=\"async\" class=\"ngg-singlepic ngg-none\" src=\"https:\/\/www.ebsv.at\/wp-content\/gallery\/parcours\/thumbs\/th_baer.jpg\" alt=\"baer\"><\/a><\/td>\n<\/tr>\n<tr>\n<td style=\"padding: 0px 10px 0px 0px;\"><a class=\"ngg-fancybox\" title=\" \" href=\"https:\/\/www.ebsv.at\/wp-content\/gallery\/parcours\/IMG_7080.JPG\" rel=\"\" data-image-id=\"3776\" data-src=\"https:\/\/www.ebsv.at\/wp-content\/gallery\/parcours\/IMG_7080.JPG\" data-thumbnail=\"https:\/\/www.ebsv.at\/wp-content\/gallery\/parcours\/thumbs\/thumbs_IMG_7080.JPG\" data-title=\"IMG_7080\" data-description=\" \"><img decoding=\"async\" class=\"ngg-singlepic ngg-none\" src=\"https:\/\/www.ebsv.at\/wp-content\/gallery\/parcours\/thumbs\/th_IMG_7080.JPG\" alt=\"IMG_7080\"><\/a><\/td>\n<td colspan=\"2\">Noch ein kleiner Hinweis: Gutes Schuhwerk wird von uns empfohlen, dann steht dem ungetr\u00fcbten Bogensportspa\u00df nichts im Wege.<\/td>\n<\/tr>\n<\/tbody>\n<\/table>\n<p>Alle ins Blatt w\u00fcnscht der<br \/>\nEBSV \u2013 Erlauftaler Bogensportverein<\/p>\n","protected":false},"excerpt":{"rendered":"","protected":false},"author":2,"featured_media":0,"parent":0,"menu_order":0,"comment_status":"closed","ping_status":"closed","template":"","meta":{"ngg_post_thumbnail":0,"footnotes":""},"class_list":["post-6233","page","type-page","status-publish","hentry"],"_links":{"self":[{"href":"https:\/\/www.ebsv.at\/index.php?rest_route=\/wp\/v2\/pages\/6233","targetHints":{"allow":["GET"]}}],"collection":[{"href":"https:\/\/www.ebsv.at\/index.php?rest_route=\/wp\/v2\/pages"}],"about":[{"href":"https:\/\/www.ebsv.at\/index.php?rest_route=\/wp\/v2\/types\/page"}],"author":[{"embeddable":true,"href":"https:\/\/www.ebsv.at\/index.php?rest_route=\/wp\/v2\/users\/2"}],"replies":[{"embeddable":true,"href":"https:\/\/www.ebsv.at\/index.php?rest_route=%2Fwp%2Fv2%2Fcomments&post=6233"}],"version-history":[{"count":70,"href":"https:\/\/www.ebsv.at\/index.php?rest_route=\/wp\/v2\/pages\/6233\/revisions"}],"predecessor-version":[{"id":7711,"href":"https:\/\/www.ebsv.at\/index.php?rest_route=\/wp\/v2\/pages\/6233\/revisions\/7711"}],"wp:attachment":[{"href":"https:\/\/www.ebsv.at\/index.php?rest_route=%2Fwp%2Fv2%2Fmedia&parent=6233"}],"curies":[{"name":"wp","href":"https:\/\/api.w.org\/{rel}","templated":true}]}}